{"id":1564,"date":"2025-01-28T23:29:48","date_gmt":"2025-01-28T23:29:48","guid":{"rendered":"https:\/\/prismea.ca\/?page_id=1564"},"modified":"2025-02-23T21:37:15","modified_gmt":"2025-02-23T21:37:15","slug":"blogue","status":"publish","type":"page","link":"https:\/\/prismea.ca\/en\/blogue\/","title":{"rendered":"Blogue"},"content":{"rendered":"<div data-elementor-type=\"wp-page\" data-elementor-id=\"1564\" class=\"elementor elementor-1564\" data-elementor-post-type=\"page\">\n\t\t\t\t\t\t<section class=\"elementor-section elementor-top-section elementor-element elementor-element-28bf1a8 elementor-section-height-min-height elementor-section-full_width elementor-section-height-default elementor-section-items-middle\" data-id=\"28bf1a8\" data-element_type=\"section\" data-e-type=\"section\" data-settings=\"{&quot;background_background&quot;:&quot;classic&quot;}\">\n\t\t\t\t\t\t\t<div class=\"elementor-background-overlay\"><\/div>\n\t\t\t\t\t\t\t<div class=\"elementor-container elementor-column-gap-default\">\n\t\t\t\t\t<div class=\"elementor-column elementor-col-100 elementor-top-column elementor-element elementor-element-6b2965e\" data-id=\"6b2965e\" data-element_type=\"column\" data-e-type=\"column\">\n\t\t\t<div class=\"elementor-widget-wrap elementor-element-populated\">\n\t\t\t\t\t\t<div class=\"elementor-element elementor-element-8b98219 elementor-widget elementor-widget-heading\" data-id=\"8b98219\" data-element_type=\"widget\" data-e-type=\"widget\" data-widget_type=\"heading.default\">\n\t\t\t\t<div class=\"elementor-widget-container\">\n\t\t\t\t\t<h1 class=\"elementor-heading-title elementor-size-default\">Blogue<\/h1>\t\t\t\t<\/div>\n\t\t\t\t<\/div>\n\t\t\t\t\t<\/div>\n\t\t<\/div>\n\t\t\t\t\t<\/div>\n\t\t<\/section>\n\t\t\t\t<section class=\"elementor-section elementor-top-section elementor-element elementor-element-9756f7f elementor-section-boxed elementor-section-height-default elementor-section-height-default\" data-id=\"9756f7f\" data-element_type=\"section\" data-e-type=\"section\">\n\t\t\t\t\t\t<div class=\"elementor-container elementor-column-gap-default\">\n\t\t\t\t\t<div class=\"elementor-column elementor-col-100 elementor-top-column elementor-element elementor-element-40407cd\" data-id=\"40407cd\" data-element_type=\"column\" data-e-type=\"column\">\n\t\t\t<div class=\"elementor-widget-wrap elementor-element-populated\">\n\t\t\t\t\t\t<div class=\"elementor-element elementor-element-dbbce3e elementor-widget elementor-widget-heading\" data-id=\"dbbce3e\" data-element_type=\"widget\" data-e-type=\"widget\" data-widget_type=\"heading.default\">\n\t\t\t\t<div class=\"elementor-widget-container\">\n\t\t\t\t\t<h2 class=\"elementor-heading-title elementor-size-default\">Nos articles les plus r\u00e9cents<\/h2>\t\t\t\t<\/div>\n\t\t\t\t<\/div>\n\t\t\t\t<div class=\"elementor-element elementor-element-cc8df9e elementor-grid-3 elementor-grid-tablet-2 elementor-grid-mobile-1 elementor-posts--thumbnail-top elementor-widget elementor-widget-posts\" data-id=\"cc8df9e\" data-element_type=\"widget\" data-e-type=\"widget\" data-settings=\"{&quot;classic_columns&quot;:&quot;3&quot;,&quot;classic_columns_tablet&quot;:&quot;2&quot;,&quot;classic_columns_mobile&quot;:&quot;1&quot;,&quot;classic_row_gap&quot;:{&quot;unit&quot;:&quot;px&quot;,&quot;size&quot;:35,&quot;sizes&quot;:[]},&quot;classic_row_gap_tablet&quot;:{&quot;unit&quot;:&quot;px&quot;,&quot;size&quot;:&quot;&quot;,&quot;sizes&quot;:[]},&quot;classic_row_gap_mobile&quot;:{&quot;unit&quot;:&quot;px&quot;,&quot;size&quot;:&quot;&quot;,&quot;sizes&quot;:[]}}\" data-widget_type=\"posts.classic\">\n\t\t\t\t<div class=\"elementor-widget-container\">\n\t\t\t\t\t\t\t<div class=\"elementor-posts-container elementor-posts elementor-posts--skin-classic elementor-grid\" role=\"list\">\n\t\t\t\t<article class=\"elementor-post elementor-grid-item post-1932 post type-post status-publish format-standard has-post-thumbnail hentry category-uncategorized\" role=\"listitem\">\n\t\t\t\t<a class=\"elementor-post__thumbnail__link\" href=\"https:\/\/prismea.ca\/en\/visibilit-optimale-avec-un-faible-impact-nergtique\/\" tabindex=\"-1\" >\n\t\t\t<div class=\"elementor-post__thumbnail\"><img fetchpriority=\"high\" decoding=\"async\" width=\"768\" height=\"1024\" src=\"https:\/\/prismea.ca\/wp-content\/uploads\/2026\/04\/Qo1SCkt7OLo26PQ9_wN1-768x1024.png\" class=\"attachment-medium_large size-medium_large wp-image-1925\" alt=\"Qo1SCkt7OLo26PQ9 wN1\" srcset=\"https:\/\/prismea.ca\/wp-content\/uploads\/2026\/04\/Qo1SCkt7OLo26PQ9_wN1-768x1024.png 768w, https:\/\/prismea.ca\/wp-content\/uploads\/2026\/04\/Qo1SCkt7OLo26PQ9_wN1-225x300.png 225w, https:\/\/prismea.ca\/wp-content\/uploads\/2026\/04\/Qo1SCkt7OLo26PQ9_wN1-1152x1536.png 1152w, https:\/\/prismea.ca\/wp-content\/uploads\/2026\/04\/Qo1SCkt7OLo26PQ9_wN1-9x12.png 9w, https:\/\/prismea.ca\/wp-content\/uploads\/2026\/04\/Qo1SCkt7OLo26PQ9_wN1.png 1248w\" sizes=\"(max-width: 768px) 100vw, 768px\" \/><\/div>\n\t\t<\/a>\n\t\t\t\t<div class=\"elementor-post__text\">\n\t\t\t\t<h3 class=\"elementor-post__title\">\n\t\t\t<a href=\"https:\/\/prismea.ca\/en\/visibilit-optimale-avec-un-faible-impact-nergtique\/\" >\n\t\t\t\tVisibilit\u00e9 optimale avec un faible impact \u00e9nerg\u00e9tique\t\t\t<\/a>\n\t\t<\/h3>\n\t\t\t\t<div class=\"elementor-post__meta-data\">\n\t\t\t\t\t<span class=\"elementor-post-date\">\n\t\t\tApril 9, 2026\t\t<\/span>\n\t\t\t\t<\/div>\n\t\t\t\t<div class=\"elementor-post__excerpt\">\n\t\t\t<p>D\u00e9couvrez comment la technologie DEL de Prismea offre une performance d&rsquo;affichage exceptionnelle  \u2014 une solution moderne, durable et \u00e9coresponsable pour les entreprises.<\/p>\n\t\t<\/div>\n\t\t\n\t\t<a class=\"elementor-post__read-more\" href=\"https:\/\/prismea.ca\/en\/visibilit-optimale-avec-un-faible-impact-nergtique\/\" aria-label=\"Read more about Visibilit\u00e9 optimale avec un faible impact \u00e9nerg\u00e9tique\" tabindex=\"-1\" >\n\t\t\tLire la suite\t\t<\/a>\n\n\t\t\t\t<\/div>\n\t\t\t\t<\/article>\n\t\t\t\t<article class=\"elementor-post elementor-grid-item post-1822 post type-post status-publish format-standard has-post-thumbnail hentry category-uncategorized\" role=\"listitem\">\n\t\t\t\t<a class=\"elementor-post__thumbnail__link\" href=\"https:\/\/prismea.ca\/en\/visuels-strategiques-pour-le-temps-des-fetes\/\" tabindex=\"-1\" >\n\t\t\t<div class=\"elementor-post__thumbnail\"><img decoding=\"async\" width=\"700\" height=\"394\" src=\"https:\/\/prismea.ca\/wp-content\/uploads\/2025\/10\/y77z4-magasinage-temps-des-fetes.webp\" class=\"attachment-medium_large size-medium_large wp-image-1826\" alt=\"y77z4 magasinage temps des fetes\" srcset=\"https:\/\/prismea.ca\/wp-content\/uploads\/2025\/10\/y77z4-magasinage-temps-des-fetes.webp 700w, https:\/\/prismea.ca\/wp-content\/uploads\/2025\/10\/y77z4-magasinage-temps-des-fetes-300x169.webp 300w, https:\/\/prismea.ca\/wp-content\/uploads\/2025\/10\/y77z4-magasinage-temps-des-fetes-18x10.webp 18w\" sizes=\"(max-width: 700px) 100vw, 700px\" \/><\/div>\n\t\t<\/a>\n\t\t\t\t<div class=\"elementor-post__text\">\n\t\t\t\t<h3 class=\"elementor-post__title\">\n\t\t\t<a href=\"https:\/\/prismea.ca\/en\/visuels-strategiques-pour-le-temps-des-fetes\/\" >\n\t\t\t\tVisuels strat\u00e9giques pour le temps des f\u00eates : captez l\u2019attention, stimulez les ventes\t\t\t<\/a>\n\t\t<\/h3>\n\t\t\t\t<div class=\"elementor-post__meta-data\">\n\t\t\t\t\t<span class=\"elementor-post-date\">\n\t\t\tOctober 16, 2025\t\t<\/span>\n\t\t\t\t<\/div>\n\t\t\t\t<div class=\"elementor-post__excerpt\">\n\t\t\t<p>Le temps des f\u00eates repr\u00e9sente une opportunit\u00e9 cruciale pour les commerces. Durant cette p\u00e9riode magique, les consommateurs sont particuli\u00e8rement r\u00e9ceptifs aux promotions et offres sp\u00e9ciales. Une pr\u00e9sentation visuelle strat\u00e9gique en magasin devient alors votre atout majeur pour capter l&rsquo;attention et stimuler les ventes<\/p>\n\t\t<\/div>\n\t\t\n\t\t<a class=\"elementor-post__read-more\" href=\"https:\/\/prismea.ca\/en\/visuels-strategiques-pour-le-temps-des-fetes\/\" aria-label=\"Read more about Visuels strat\u00e9giques pour le temps des f\u00eates : captez l\u2019attention, stimulez les ventes\" tabindex=\"-1\" >\n\t\t\tLire la suite\t\t<\/a>\n\n\t\t\t\t<\/div>\n\t\t\t\t<\/article>\n\t\t\t\t<article class=\"elementor-post elementor-grid-item post-1807 post type-post status-publish format-standard has-post-thumbnail hentry category-uncategorized\" role=\"listitem\">\n\t\t\t\t<a class=\"elementor-post__thumbnail__link\" href=\"https:\/\/prismea.ca\/en\/et-si-votre-vitrine-devenait-votre-meilleur-vendeur\/\" tabindex=\"-1\" >\n\t\t\t<div class=\"elementor-post__thumbnail\"><img decoding=\"async\" width=\"768\" height=\"576\" src=\"https:\/\/prismea.ca\/wp-content\/uploads\/2025\/07\/Fabrik-L-31-768x576.jpg\" class=\"attachment-medium_large size-medium_large wp-image-1771\" alt=\"Fabrik L (31)\" srcset=\"https:\/\/prismea.ca\/wp-content\/uploads\/2025\/07\/Fabrik-L-31-768x576.jpg 768w, https:\/\/prismea.ca\/wp-content\/uploads\/2025\/07\/Fabrik-L-31-300x225.jpg 300w, https:\/\/prismea.ca\/wp-content\/uploads\/2025\/07\/Fabrik-L-31-1024x768.jpg 1024w, https:\/\/prismea.ca\/wp-content\/uploads\/2025\/07\/Fabrik-L-31-1536x1152.jpg 1536w, https:\/\/prismea.ca\/wp-content\/uploads\/2025\/07\/Fabrik-L-31-2048x1536.jpg 2048w, https:\/\/prismea.ca\/wp-content\/uploads\/2025\/07\/Fabrik-L-31-16x12.jpg 16w\" sizes=\"(max-width: 768px) 100vw, 768px\" \/><\/div>\n\t\t<\/a>\n\t\t\t\t<div class=\"elementor-post__text\">\n\t\t\t\t<h3 class=\"elementor-post__title\">\n\t\t\t<a href=\"https:\/\/prismea.ca\/en\/et-si-votre-vitrine-devenait-votre-meilleur-vendeur\/\" >\n\t\t\t\tEt si votre vitrine devenait votre meilleur vendeur?\t\t\t<\/a>\n\t\t<\/h3>\n\t\t\t\t<div class=\"elementor-post__meta-data\">\n\t\t\t\t\t<span class=\"elementor-post-date\">\n\t\t\tSeptember 24, 2025\t\t<\/span>\n\t\t\t\t<\/div>\n\t\t\t\t<div class=\"elementor-post__excerpt\">\n\t\t\t<p>Dans un environnement o\u00f9 tout se joue en quelques secondes, votre vitrine est bien plus qu\u2019un simple espace d\u00e9co \u2014 c\u2019est votre premi\u00e8re chance de capter l\u2019attention et de donner envie d\u2019entrer.<br \/>\nUn cadre lumineux Prismea transforme un visuel ordinaire en outil d\u2019attraction puissant. Gr\u00e2ce \u00e0 son r\u00e9tro\u00e9clairage LED, vos affiches prennent vie, m\u00eame de loin, de jour comme de nuit. R\u00e9sultat : plus de regards capt\u00e9s, une meilleure perception de votre marque, et souvent\u2026 plus de clients qui franchissent la porte.<\/p>\n\t\t<\/div>\n\t\t\n\t\t<a class=\"elementor-post__read-more\" href=\"https:\/\/prismea.ca\/en\/et-si-votre-vitrine-devenait-votre-meilleur-vendeur\/\" aria-label=\"Read more about Et si votre vitrine devenait votre meilleur vendeur?\" tabindex=\"-1\" >\n\t\t\tLire la suite\t\t<\/a>\n\n\t\t\t\t<\/div>\n\t\t\t\t<\/article>\n\t\t\t\t<article class=\"elementor-post elementor-grid-item post-1797 post type-post status-publish format-standard has-post-thumbnail hentry category-uncategorized\" role=\"listitem\">\n\t\t\t\t<a class=\"elementor-post__thumbnail__link\" href=\"https:\/\/prismea.ca\/en\/statique-ou-dynamique-quel-affichage-choisir-pour-votre-commerce-de-detail-copy\/\" tabindex=\"-1\" >\n\t\t\t<div class=\"elementor-post__thumbnail\"><img loading=\"lazy\" decoding=\"async\" width=\"768\" height=\"512\" src=\"https:\/\/prismea.ca\/wp-content\/uploads\/2025\/02\/PHOTO-ARTICLE-1-768x512.png\" class=\"attachment-medium_large size-medium_large wp-image-1597\" alt=\"PHOTO ARTICLE 1\" srcset=\"https:\/\/prismea.ca\/wp-content\/uploads\/2025\/02\/PHOTO-ARTICLE-1-768x512.png 768w, https:\/\/prismea.ca\/wp-content\/uploads\/2025\/02\/PHOTO-ARTICLE-1-300x200.png 300w, https:\/\/prismea.ca\/wp-content\/uploads\/2025\/02\/PHOTO-ARTICLE-1-1024x683.png 1024w, https:\/\/prismea.ca\/wp-content\/uploads\/2025\/02\/PHOTO-ARTICLE-1-18x12.png 18w, https:\/\/prismea.ca\/wp-content\/uploads\/2025\/02\/PHOTO-ARTICLE-1.png 1200w\" sizes=\"(max-width: 768px) 100vw, 768px\" \/><\/div>\n\t\t<\/a>\n\t\t\t\t<div class=\"elementor-post__text\">\n\t\t\t\t<h3 class=\"elementor-post__title\">\n\t\t\t<a href=\"https:\/\/prismea.ca\/en\/statique-ou-dynamique-quel-affichage-choisir-pour-votre-commerce-de-detail-copy\/\" >\n\t\t\t\tStatique ou dynamique : quel affichage choisir pour votre commerce de d\u00e9tail?\t\t\t<\/a>\n\t\t<\/h3>\n\t\t\t\t<div class=\"elementor-post__meta-data\">\n\t\t\t\t\t<span class=\"elementor-post-date\">\n\t\t\tSeptember 11, 2025\t\t<\/span>\n\t\t\t\t<\/div>\n\t\t\t\t<div class=\"elementor-post__excerpt\">\n\t\t\t<p>Dans cet article, nous explorerons les diff\u00e9rences entre ces deux options en termes de co\u00fbts, d\u2019entretien, d\u2019impact visuel et de flexibilit\u00e9, pour vous aider \u00e0 faire un choix \u00e9clair\u00e9.<\/p>\n\t\t<\/div>\n\t\t\n\t\t<a class=\"elementor-post__read-more\" href=\"https:\/\/prismea.ca\/en\/statique-ou-dynamique-quel-affichage-choisir-pour-votre-commerce-de-detail-copy\/\" aria-label=\"Read more about Statique ou dynamique : quel affichage choisir pour votre commerce de d\u00e9tail?\" tabindex=\"-1\" >\n\t\t\tLire la suite\t\t<\/a>\n\n\t\t\t\t<\/div>\n\t\t\t\t<\/article>\n\t\t\t\t<\/div>\n\t\t\n\t\t\t\t\t\t<\/div>\n\t\t\t\t<\/div>\n\t\t\t\t\t<\/div>\n\t\t<\/div>\n\t\t\t\t\t<\/div>\n\t\t<\/section>\n\t\t\t\t<\/div>","protected":false},"excerpt":{"rendered":"<p>Blogue Nos articles les plus r\u00e9cents<\/p>","protected":false},"author":1,"featured_media":1598,"parent":0,"menu_order":0,"comment_status":"closed","ping_status":"closed","template":"elementor_header_footer","meta":{"_acf_changed":false,"footnotes":""},"class_list":["post-1564","page","type-page","status-publish","has-post-thumbnail","hentry"],"acf":[],"_links":{"self":[{"href":"https:\/\/prismea.ca\/en\/wp-json\/wp\/v2\/pages\/1564","targetHints":{"allow":["GET"]}}],"collection":[{"href":"https:\/\/prismea.ca\/en\/wp-json\/wp\/v2\/pages"}],"about":[{"href":"https:\/\/prismea.ca\/en\/wp-json\/wp\/v2\/types\/page"}],"author":[{"embeddable":true,"href":"https:\/\/prismea.ca\/en\/wp-json\/wp\/v2\/users\/1"}],"replies":[{"embeddable":true,"href":"https:\/\/prismea.ca\/en\/wp-json\/wp\/v2\/comments?post=1564"}],"version-history":[{"count":32,"href":"https:\/\/prismea.ca\/en\/wp-json\/wp\/v2\/pages\/1564\/revisions"}],"predecessor-version":[{"id":1732,"href":"https:\/\/prismea.ca\/en\/wp-json\/wp\/v2\/pages\/1564\/revisions\/1732"}],"wp:featuredmedia":[{"embeddable":true,"href":"https:\/\/prismea.ca\/en\/wp-json\/wp\/v2\/media\/1598"}],"wp:attachment":[{"href":"https:\/\/prismea.ca\/en\/wp-json\/wp\/v2\/media?parent=1564"}],"curies":[{"name":"wp","href":"https:\/\/api.w.org\/{rel}","templated":true}]}}